{"id":2068,"date":"2020-10-21T07:41:12","date_gmt":"2020-10-21T05:41:12","guid":{"rendered":"https:\/\/web.workseed.fi\/?page_id=2068"},"modified":"2025-06-23T08:52:06","modified_gmt":"2025-06-23T06:52:06","slug":"tillganglighetsutlatande","status":"publish","type":"page","link":"https:\/\/web.workseed.fi\/sv\/tillganglighetsutlatande\/","title":{"rendered":"Tillg\u00e4nglighetsutl\u00e5tande"},"content":{"rendered":"\t\t<div data-elementor-type=\"wp-page\" data-elementor-id=\"2068\" class=\"elementor elementor-2068\" data-elementor-post-type=\"page\">\n\t\t\t\t\t\t<section data-particle_enable=\"false\" data-particle-mobile-disabled=\"false\" class=\"elementor-section elementor-top-section elementor-element elementor-element-4658938 elementor-section-boxed elementor-section-height-default elementor-section-height-default\" data-id=\"4658938\" data-element_type=\"section\">\n\t\t\t\t\t\t<div class=\"elementor-container elementor-column-gap-default\">\n\t\t\t\t\t<div class=\"elementor-column elementor-col-100 elementor-top-column elementor-element elementor-element-c17098c\" data-id=\"c17098c\" data-element_type=\"column\">\n\t\t\t<div class=\"elementor-widget-wrap elementor-element-populated\">\n\t\t\t\t\t\t<div class=\"elementor-element elementor-element-18ea152 elementor-widget elementor-widget-spacer\" data-id=\"18ea152\" data-element_type=\"widget\" data-widget_type=\"spacer.default\">\n\t\t\t\t<div class=\"elementor-widget-container\">\n\t\t\t\t\t\t\t<div class=\"elementor-spacer\">\n\t\t\t<div class=\"elementor-spacer-inner\"><\/div>\n\t\t<\/div>\n\t\t\t\t\t\t<\/div>\n\t\t\t\t<\/div>\n\t\t\t\t<div class=\"elementor-element elementor-element-546513a elementor-widget__width-initial elementor-widget elementor-widget-heading\" data-id=\"546513a\" data-element_type=\"widget\" data-widget_type=\"heading.default\">\n\t\t\t\t<div class=\"elementor-widget-container\">\n\t\t\t\t\t<h3 class=\"elementor-heading-title elementor-size-default\"><h1>Workseed tillg\u00e4nglighetsutl\u00e5tande<\/h1><\/h3>\t\t\t\t<\/div>\n\t\t\t\t<\/div>\n\t\t\t\t\t<\/div>\n\t\t<\/div>\n\t\t\t\t\t<\/div>\n\t\t<\/section>\n\t\t\t\t<section data-particle_enable=\"false\" data-particle-mobile-disabled=\"false\" class=\"elementor-section elementor-top-section elementor-element elementor-element-b47cb6c elementor-section-boxed elementor-section-height-default elementor-section-height-default\" data-id=\"b47cb6c\" data-element_type=\"section\">\n\t\t\t\t\t\t<div class=\"elementor-container elementor-column-gap-default\">\n\t\t\t\t\t<div class=\"elementor-column elementor-col-100 elementor-top-column elementor-element elementor-element-fa53b69\" data-id=\"fa53b69\" data-element_type=\"column\">\n\t\t\t<div class=\"elementor-widget-wrap elementor-element-populated\">\n\t\t\t\t\t\t<div class=\"elementor-element elementor-element-66105a5 elementor-widget__width-initial elementor-widget elementor-widget-text-editor\" data-id=\"66105a5\" data-element_type=\"widget\" data-widget_type=\"text-editor.default\">\n\t\t\t\t<div class=\"elementor-widget-container\">\n\t\t\t\t\t\t\t\t\t<header><p><span style=\"font-size: 16px; color: #333300;\">Detta tillg\u00e4nglighetsutl\u00e5tande g\u00e4ller tj\u00e4nsten workseed och har uppr\u00e4ttats \/ uppdaterats 21.2.2025. Tj\u00e4nsten omfattas av lagen om tillhandah\u00e5llande av digitala tj\u00e4nster och dess krav p\u00e5 att offentliga webbplatser m\u00e5ste vara tillg\u00e4ngliga.<\/span><\/p><\/header><section class=\"statement__section\"><span style=\"color: #333300;\"><span style=\"color: #333300;\">Vi har sj\u00e4lva granskat hur tillg\u00e4nglig tj\u00e4nsten \u00e4r<\/span><\/span><\/section><section><\/section><section class=\"statement__section\"><h4><span style=\"color: #333300;\">Tillg\u00e4nglighetsstatus f\u00f6r den digitala tj\u00e4nsten<\/span><\/h4><p><span style=\"color: #333300;\">Uppfyller delvis tillg\u00e4nglighetskraven<\/span><\/p><\/section><section class=\"statement__section\"><h4><span style=\"color: #333300;\">Icke-tillg\u00e4ngligt inneh\u00e5ll<\/span><\/h4><section class=\"statement__inaccessible\"><p><span style=\"color: #333300;\">Webbplatsen \u00e4r \u00e4nnu inte helt kompatibel, de avsnitt d\u00e4r vi har identifierat undantag fr\u00e5n kraven i tillg\u00e4nglighetsdirektivet beskrivs nedan.<\/span><\/p><ul class=\"flaws\"><li class=\"flaw\"><h5 class=\"flaw__title\"><span style=\"color: #333300;\">Hanterbar: Objektens storlek.<\/span><\/h5><h5 class=\"flaw__subtitle\"><span style=\"color: #333300;\">Inneh\u00e5ll som inte \u00e4r tillg\u00e4ngligt och dess brister<\/span><\/h5><p><span style=\"color: #333300;\">I vissa objekt, s\u00e4rskilt f\u00f6r l\u00e4rareanv\u00e4ndare, \u00e4r objekten som ska v\u00e4ljas mindre \u00e4n de reglerade 44 \u00d7 44 pixlarna.<\/span><\/p><h6><span style=\"color: #333300;\">Tillg\u00e4nglighetskrav som inte uppfylls<\/span><\/h6><ul class=\"flaw__wcag\"><li><span style=\"color: #333300;\">2.5.5 Storleken av elementen<\/span><\/li><\/ul><\/li><\/ul><\/section><\/section><section class=\"statement__section\"><p><span style=\"color: #333300;\">Uppt\u00e4ckte du en tillg\u00e4nglighetsbrist i v\u00e5r digitala tj\u00e4nst? Beskriv den f\u00f6r oss och vi ska g\u00f6ra v\u00e5rt b\u00e4sta f\u00f6r att \u00e5tg\u00e4rda den p<\/span><span style=\"color: #333300;\">er e-post:<\/span><\/p><p><span style=\"color: #333300;\">support@workseed.fi<\/span><\/p><\/section><section class=\"statement__section\"><h4><span style=\"color: #333300;\">Tillsynsmyndigheten<\/span><\/h4><p><span style=\"color: #333300;\">Kontakta oss om du vill p\u00e5tala brister i tillg\u00e4ngligheten p\u00e5 v\u00e5r webbplats. Det kan ta 14 dagar innan du f\u00e5r ett svar. Om du inte \u00e4r n\u00f6jd med det svar du har f\u00e5tt eller inte f\u00e5r n\u00e5got svar alls inom tv\u00e5 veckor\u00a0<span style=\"text-decoration: underline;\"><span style=\"color: #3366ff; text-decoration: underline;\"><a style=\"color: #3366ff; text-decoration: underline;\" href=\"https:\/\/www.tillg\u00e4nglighetskrav.fi\/dina-rattigheter\/\" target=\"_blank\" rel=\"noopener\">kan du l\u00e4mna in en anm\u00e4lan om bristande tillg\u00e4nglighet till Regionf\u00f6rvaltningsverket i S\u00f6dra Finland.\u00a0<span class=\"screen-reader-text\"> \u00d6ppnas i ett nytt f\u00f6nster<\/span><\/a><\/span><\/span>. P\u00e5 regionf\u00f6rvaltningsverkets webbplats finns det beskrivet hur du kan l\u00e4mna in en anm\u00e4lan och hur \u00e4rendet behandlas.<\/span><\/p><h4><span style=\"color: #333300;\">Tillsynsmyndighetens kontaktuppgifter<\/span><\/h4><p><strong>Transport- och kommunikationsverket Traficom<\/strong><br \/>Tillsyn \u00f6ver digital tillg\u00e4nglighet<br \/>PLB 320, 00059 TRAFICOM<br \/>Telefon: 029 534 5000<br \/>E-post: saavutettavuus(at)traficom.fi<br \/>Webbplats: <a class=\"fui-Link ___w5et180 f2hkw1w f3rmtva f1ewtqcl fyind8e f1k6fduh f1w7gpdv f1mo0ibp fjoy568 ff5ikls f1s184ao f1mk8lai fnbmjn9 f1o700av f13mvf36 f1cmlufx f9n3di6 f1ids18y f1tx3yz7 f1deo86v f1eh06m1 f1iescvh fhgqx19 f1olyrje f1p93eir f1nev41a\" href=\"https:\/\/www.saavutettavuusvaatimukset.fi\/sv\" target=\"_blank\" rel=\"noopener\" data-tabster=\"{&quot;restorer&quot;:{&quot;type&quot;:1}}\">www.saavutettavuusvaatimukset.fi\/sv<\/a><\/p><\/section><section class=\"statement__section\"><h4><span style=\"color: #333300;\">Vi \u00e4r fast beslutna att f\u00f6rb\u00e4ttra tillg\u00e4ngligheten f\u00f6r digitala tj\u00e4nster<\/span><\/h4><p><span style=\"color: #333300;\">Vi arbetar h\u00e5rt f\u00f6r att utveckla v\u00e5r tj\u00e4nst f\u00f6r att tillgodose alla v\u00e5ra anv\u00e4ndares behov. Det prim\u00e4ra m\u00e5let \u00e4r att f\u00e5 studerandevyn att fullt uppfylla tillg\u00e4nglighetskraven. Vi erbjuder funktionaliteter med vilka man kan skapa inneh\u00e5ll som uppfyller tillg\u00e4nglighetskraven, men vi ansvarar inte f\u00f6r det att inneh\u00e5llet som anv\u00e4ndaren sj\u00e4lv har skapat skulle uppfylla tillg\u00e4nglighetskraven.<\/span><\/p><\/section>\t\t\t\t\t\t\t\t<\/div>\n\t\t\t\t<\/div>\n\t\t\t\t<div class=\"elementor-element elementor-element-a75ba81 elementor-widget elementor-widget-spacer\" data-id=\"a75ba81\" data-element_type=\"widget\" data-widget_type=\"spacer.default\">\n\t\t\t\t<div class=\"elementor-widget-container\">\n\t\t\t\t\t\t\t<div class=\"elementor-spacer\">\n\t\t\t<div class=\"elementor-spacer-inner\"><\/div>\n\t\t<\/div>\n\t\t\t\t\t\t<\/div>\n\t\t\t\t<\/div>\n\t\t\t\t\t<\/div>\n\t\t<\/div>\n\t\t\t\t\t<\/div>\n\t\t<\/section>\n\t\t\t\t<\/div>\n\t\t","protected":false},"excerpt":{"rendered":"<p>Workseed tillg\u00e4nglighetsutl\u00e5tande Detta tillg\u00e4nglighetsutl\u00e5tande g\u00e4ller tj\u00e4nsten workseed och har uppr\u00e4ttats \/ uppdaterats 21.2.2025. Tj\u00e4nsten omfattas av lagen om tillhandah\u00e5llande av digitala tj\u00e4nster och dess krav p\u00e5 att offentliga webbplatser m\u00e5ste vara tillg\u00e4ngliga. Vi har sj\u00e4lva granskat hur tillg\u00e4nglig tj\u00e4nsten \u00e4r Tillg\u00e4nglighetsstatus f\u00f6r den digitala tj\u00e4nsten Uppfyller delvis tillg\u00e4nglighetskraven Icke-tillg\u00e4ngligt inneh\u00e5ll Webbplatsen \u00e4r \u00e4nnu inte helt [&hellip;]<\/p>\n","protected":false},"author":1,"featured_media":0,"parent":0,"menu_order":0,"comment_status":"closed","ping_status":"closed","template":"","meta":{"content-type":"","site-sidebar-layout":"no-sidebar","site-content-layout":"page-builder","ast-site-content-layout":"default","site-content-style":"default","site-sidebar-style":"default","ast-global-header-display":"","ast-banner-title-visibility":"","ast-main-header-display":"","ast-hfb-above-header-display":"","ast-hfb-below-header-display":"","ast-hfb-mobile-header-display":"","site-post-title":"disabled","ast-breadcrumbs-content":"","ast-featured-img":"disabled","footer-sml-layout":"","theme-transparent-header-meta":"","adv-header-id-meta":"","stick-header-meta":"","header-above-stick-meta":"","header-main-stick-meta":"","header-below-stick-meta":"","astra-migrate-meta-layouts":"default","ast-page-background-enabled":"default","ast-page-background-meta":{"desktop":{"background-color":"","background-image":"","background-repeat":"repeat","background-position":"center center","background-size":"auto","background-attachment":"scroll","background-type":"","background-media":"","overlay-type":"","overlay-color":"","overlay-opacity":"","overlay-gradient":""},"tablet":{"background-color":"","background-image":"","background-repeat":"repeat","background-position":"center center","background-size":"auto","background-attachment":"scroll","background-type":"","background-media":"","overlay-type":"","overlay-color":"","overlay-opacity":"","overlay-gradient":""},"mobile":{"background-color":"","background-image":"","background-repeat":"repeat","background-position":"center center","background-size":"auto","background-attachment":"scroll","background-type":"","background-media":"","overlay-type":"","overlay-color":"","overlay-opacity":"","overlay-gradient":""}},"ast-content-background-meta":{"desktop":{"background-color":"var(--ast-global-color-5)","background-image":"","background-repeat":"repeat","background-position":"center center","background-size":"auto","background-attachment":"scroll","background-type":"","background-media":"","overlay-type":"","overlay-color":"","overlay-opacity":"","overlay-gradient":""},"tablet":{"background-color":"var(--ast-global-color-5)","background-image":"","background-repeat":"repeat","background-position":"center center","background-size":"auto","background-attachment":"scroll","background-type":"","background-media":"","overlay-type":"","overlay-color":"","overlay-opacity":"","overlay-gradient":""},"mobile":{"background-color":"var(--ast-global-color-5)","background-image":"","background-repeat":"repeat","background-position":"center center","background-size":"auto","background-attachment":"scroll","background-type":"","background-media":"","overlay-type":"","overlay-color":"","overlay-opacity":"","overlay-gradient":""}},"footnotes":""},"class_list":["post-2068","page","type-page","status-publish","hentry"],"_links":{"self":[{"href":"https:\/\/web.workseed.fi\/wp-json\/wp\/v2\/pages\/2068","targetHints":{"allow":["GET"]}}],"collection":[{"href":"https:\/\/web.workseed.fi\/wp-json\/wp\/v2\/pages"}],"about":[{"href":"https:\/\/web.workseed.fi\/wp-json\/wp\/v2\/types\/page"}],"author":[{"embeddable":true,"href":"https:\/\/web.workseed.fi\/wp-json\/wp\/v2\/users\/1"}],"replies":[{"embeddable":true,"href":"https:\/\/web.workseed.fi\/wp-json\/wp\/v2\/comments?post=2068"}],"version-history":[{"count":33,"href":"https:\/\/web.workseed.fi\/wp-json\/wp\/v2\/pages\/2068\/revisions"}],"predecessor-version":[{"id":19259,"href":"https:\/\/web.workseed.fi\/wp-json\/wp\/v2\/pages\/2068\/revisions\/19259"}],"wp:attachment":[{"href":"https:\/\/web.workseed.fi\/wp-json\/wp\/v2\/media?parent=2068"}],"curies":[{"name":"wp","href":"https:\/\/api.w.org\/{rel}","templated":true}]}}
