{"id":20233,"date":"2025-08-26T08:31:23","date_gmt":"2025-08-26T06:31:23","guid":{"rendered":"https:\/\/web.workseed.fi\/?page_id=20233"},"modified":"2025-08-26T08:45:09","modified_gmt":"2025-08-26T06:45:09","slug":"saavutettava-verkkokurssi","status":"publish","type":"page","link":"https:\/\/web.workseed.fi\/fi\/saavutettava-verkkokurssi\/","title":{"rendered":"Liidimagneetti &#8211; Saavutettava verkkokurssi"},"content":{"rendered":"\t\t<div data-elementor-type=\"wp-page\" data-elementor-id=\"20233\" class=\"elementor elementor-20233\" data-elementor-post-type=\"page\">\n\t\t\t\t<div data-particle_enable=\"false\" data-particle-mobile-disabled=\"false\" class=\"elementor-element elementor-element-d693106 e-flex e-con-boxed e-con e-parent\" data-id=\"d693106\" data-element_type=\"container\">\n\t\t\t\t\t<div class=\"e-con-inner\">\n\t\t\t\t<div class=\"elementor-element elementor-element-d4e192c elementor-widget elementor-widget-spacer\" data-id=\"d4e192c\" data-element_type=\"widget\" data-widget_type=\"spacer.default\">\n\t\t\t\t<div class=\"elementor-widget-container\">\n\t\t\t\t\t\t\t<div class=\"elementor-spacer\">\n\t\t\t<div class=\"elementor-spacer-inner\"><\/div>\n\t\t<\/div>\n\t\t\t\t\t\t<\/div>\n\t\t\t\t<\/div>\n\t\t\t\t\t<\/div>\n\t\t\t\t<\/div>\n\t\t<div data-particle_enable=\"false\" data-particle-mobile-disabled=\"false\" class=\"elementor-element elementor-element-92eca4a e-flex e-con-boxed e-con e-parent\" data-id=\"92eca4a\" data-element_type=\"container\">\n\t\t\t\t\t<div class=\"e-con-inner\">\n\t\t\t\t<div class=\"elementor-element elementor-element-b30a360 elementor-widget elementor-widget-image\" data-id=\"b30a360\" data-element_type=\"widget\" data-widget_type=\"image.default\">\n\t\t\t\t<div class=\"elementor-widget-container\">\n\t\t\t\t\t\t\t\t\t\t\t\t\t\t\t<img fetchpriority=\"high\" decoding=\"async\" width=\"1024\" height=\"174\" src=\"https:\/\/web.workseed.fi\/wp-content\/uploads\/2025\/08\/Saavutettavuus-banneri-1-1024x174.png\" class=\"attachment-large size-large wp-image-20248\" alt=\"saavutettava verkkokurssi kuvituskuva\" srcset=\"https:\/\/web.workseed.fi\/wp-content\/uploads\/2025\/08\/Saavutettavuus-banneri-1-1024x174.png 1024w, https:\/\/web.workseed.fi\/wp-content\/uploads\/2025\/08\/Saavutettavuus-banneri-1-300x51.png 300w, https:\/\/web.workseed.fi\/wp-content\/uploads\/2025\/08\/Saavutettavuus-banneri-1-768x131.png 768w, https:\/\/web.workseed.fi\/wp-content\/uploads\/2025\/08\/Saavutettavuus-banneri-1-1536x261.png 1536w, https:\/\/web.workseed.fi\/wp-content\/uploads\/2025\/08\/Saavutettavuus-banneri-1.png 2000w\" sizes=\"(max-width: 1024px) 100vw, 1024px\" \/>\t\t\t\t\t\t\t\t\t\t\t\t\t\t\t<\/div>\n\t\t\t\t<\/div>\n\t\t\t\t<div class=\"elementor-element elementor-element-4590608 elementor-widget elementor-widget-spacer\" data-id=\"4590608\" data-element_type=\"widget\" data-widget_type=\"spacer.default\">\n\t\t\t\t<div class=\"elementor-widget-container\">\n\t\t\t\t\t\t\t<div class=\"elementor-spacer\">\n\t\t\t<div class=\"elementor-spacer-inner\"><\/div>\n\t\t<\/div>\n\t\t\t\t\t\t<\/div>\n\t\t\t\t<\/div>\n\t\t\t\t\t<\/div>\n\t\t\t\t<\/div>\n\t\t<div data-particle_enable=\"false\" data-particle-mobile-disabled=\"false\" class=\"elementor-element elementor-element-0bd2e31 e-flex e-con-boxed e-con e-parent\" data-id=\"0bd2e31\" data-element_type=\"container\">\n\t\t\t\t\t<div class=\"e-con-inner\">\n\t\t<div data-particle_enable=\"false\" data-particle-mobile-disabled=\"false\" class=\"elementor-element elementor-element-f0bc14c e-con-full e-flex e-con e-child\" data-id=\"f0bc14c\" data-element_type=\"container\">\n\t\t\t\t<div class=\"elementor-element elementor-element-10d9a7f elementor-widget elementor-widget-heading\" data-id=\"10d9a7f\" data-element_type=\"widget\" data-widget_type=\"heading.default\">\n\t\t\t\t<div class=\"elementor-widget-container\">\n\t\t\t\t\t<h2 class=\"elementor-heading-title elementor-size-default\">Luo saavutettava verkkokurssi<\/h2>\t\t\t\t<\/div>\n\t\t\t\t<\/div>\n\t\t\t\t<div class=\"elementor-element elementor-element-dc8c76e elementor-widget elementor-widget-text-editor\" data-id=\"dc8c76e\" data-element_type=\"widget\" data-widget_type=\"text-editor.default\">\n\t\t\t\t<div class=\"elementor-widget-container\">\n\t\t\t\t\t\t\t\t\t<div class=\"dad65929\"><div class=\"_4f9bf79 d7dc56a8 _43c05b5\"><div class=\"ds-markdown ds-markdown--block\"><p class=\"ds-markdown-paragraph\">Kurssi esittelee verkkokurssien saavutettavuutta laajasti. Se on suunnattu verkkokursseja tuottaville ammattilaisille, kuten opettajille ja sis\u00e4ll\u00f6ntuottajille, eik\u00e4 keskity pelk\u00e4st\u00e4\u00e4n teknisiin vaatimuksiin.<\/p><\/div><div class=\"ds-flex\"><div class=\"ds-flex _965abe9\"><div class=\"ds-icon-button\" tabindex=\"0\"><div class=\"ds-icon\">Kurssiin kuuluvat moduulit:\u00a0<\/div><div>\u00a0<\/div><\/div><\/div><\/div><\/div><\/div><ul><li>Tekninen saavutettavuus<\/li><li>Pedagoginen saavutettavuus<\/li><li>Kielellinen saavutettavuus<\/li><li>Teko\u00e4ly ja saavutettavuus<\/li><li>Saavutettavuuden kehitt\u00e4minen<\/li><\/ul>\t\t\t\t\t\t\t\t<\/div>\n\t\t\t\t<\/div>\n\t\t\t\t<\/div>\n\t\t<div data-particle_enable=\"false\" data-particle-mobile-disabled=\"false\" class=\"elementor-element elementor-element-4013d45 e-con-full e-flex e-con e-child\" data-id=\"4013d45\" data-element_type=\"container\">\n\t\t\t\t<div class=\"elementor-element elementor-element-5f08322 elementor-widget elementor-widget-hubspot-form\" data-id=\"5f08322\" data-element_type=\"widget\" data-widget_type=\"hubspot-form.default\">\n\t\t\t\t<div class=\"elementor-widget-container\">\n\t\t\t\t\t\n\t\t\t\t\t\t<script>\n\t\t\t\t\t\t\twindow.hsFormsOnReady = window.hsFormsOnReady || [];\n\t\t\t\t\t\t\twindow.hsFormsOnReady.push(()=>{\n\t\t\t\t\t\t\t\thbspt.forms.create({\n\t\t\t\t\t\t\t\t\tportalId: 143785096,\n\t\t\t\t\t\t\t\t\tformId: \"e4b977bf-c95b-4505-b245-9e3a722a148b\",\n\t\t\t\t\t\t\t\t\ttarget: \"#hbspt-form-1776707597000-6689242593\",\n\t\t\t\t\t\t\t\t\tregion: \"eu1\",\n\t\t\t\t\t\t\t\t\t\n\t\t\t\t\t\t\t})});\n\t\t\t\t\t\t<\/script>\n\t\t\t\t\t\t<div class=\"hbspt-form\" id=\"hbspt-form-1776707597000-6689242593\"><\/div>\t\t\t\t<\/div>\n\t\t\t\t<\/div>\n\t\t\t\t<\/div>\n\t\t\t\t\t<\/div>\n\t\t\t\t<\/div>\n\t\t<div data-particle_enable=\"false\" data-particle-mobile-disabled=\"false\" class=\"elementor-element elementor-element-dd8ecd9 e-flex e-con-boxed e-con e-parent\" data-id=\"dd8ecd9\" data-element_type=\"container\">\n\t\t\t\t\t<div class=\"e-con-inner\">\n\t\t\t\t<div class=\"elementor-element elementor-element-a3bf64b elementor-widget elementor-widget-spacer\" data-id=\"a3bf64b\" data-element_type=\"widget\" data-widget_type=\"spacer.default\">\n\t\t\t\t<div class=\"elementor-widget-container\">\n\t\t\t\t\t\t\t<div class=\"elementor-spacer\">\n\t\t\t<div class=\"elementor-spacer-inner\"><\/div>\n\t\t<\/div>\n\t\t\t\t\t\t<\/div>\n\t\t\t\t<\/div>\n\t\t\t\t\t<\/div>\n\t\t\t\t<\/div>\n\t\t\t\t<\/div>\n\t\t","protected":false},"excerpt":{"rendered":"<p>Luo saavutettava verkkokurssi Kurssi esittelee verkkokurssien saavutettavuutta laajasti. Se on suunnattu verkkokursseja tuottaville ammattilaisille, kuten opettajille ja sis\u00e4ll\u00f6ntuottajille, eik\u00e4 keskity pelk\u00e4st\u00e4\u00e4n teknisiin vaatimuksiin. Kurssiin kuuluvat moduulit:\u00a0\u00a0 Tekninen saavutettavuus Pedagoginen saavutettavuus Kielellinen saavutettavuus Teko\u00e4ly ja saavutettavuus Saavutettavuuden kehitt\u00e4minen<\/p>\n","protected":false},"author":11,"featured_media":0,"parent":0,"menu_order":0,"comment_status":"closed","ping_status":"closed","template":"","meta":{"content-type":"","site-sidebar-layout":"no-sidebar","site-content-layout":"page-builder","ast-site-content-layout":"full-width-container","site-content-style":"default","site-sidebar-style":"default","ast-global-header-display":"","ast-banner-title-visibility":"","ast-main-header-display":"","ast-hfb-above-header-display":"","ast-hfb-below-header-display":"","ast-hfb-mobile-header-display":"","site-post-title":"disabled","ast-breadcrumbs-content":"","ast-featured-img":"disabled","footer-sml-layout":"","theme-transparent-header-meta":"","adv-header-id-meta":"","stick-header-meta":"","header-above-stick-meta":"","header-main-stick-meta":"","header-below-stick-meta":"","astra-migrate-meta-layouts":"set","ast-page-background-enabled":"default","ast-page-background-meta":{"desktop":{"background-color":"","background-image":"","background-repeat":"repeat","background-position":"center center","background-size":"auto","background-attachment":"scroll","background-type":"","background-media":"","overlay-type":"","overlay-color":"","overlay-opacity":"","overlay-gradient":""},"tablet":{"background-color":"","background-image":"","background-repeat":"repeat","background-position":"center center","background-size":"auto","background-attachment":"scroll","background-type":"","background-media":"","overlay-type":"","overlay-color":"","overlay-opacity":"","overlay-gradient":""},"mobile":{"background-color":"","background-image":"","background-repeat":"repeat","background-position":"center center","background-size":"auto","background-attachment":"scroll","background-type":"","background-media":"","overlay-type":"","overlay-color":"","overlay-opacity":"","overlay-gradient":""}},"ast-content-background-meta":{"desktop":{"background-color":"var(--ast-global-color-5)","background-image":"","background-repeat":"repeat","background-position":"center center","background-size":"auto","background-attachment":"scroll","background-type":"","background-media":"","overlay-type":"","overlay-color":"","overlay-opacity":"","overlay-gradient":""},"tablet":{"background-color":"var(--ast-global-color-5)","background-image":"","background-repeat":"repeat","background-position":"center center","background-size":"auto","background-attachment":"scroll","background-type":"","background-media":"","overlay-type":"","overlay-color":"","overlay-opacity":"","overlay-gradient":""},"mobile":{"background-color":"var(--ast-global-color-5)","background-image":"","background-repeat":"repeat","background-position":"center center","background-size":"auto","background-attachment":"scroll","background-type":"","background-media":"","overlay-type":"","overlay-color":"","overlay-opacity":"","overlay-gradient":""}},"footnotes":""},"class_list":["post-20233","page","type-page","status-publish","hentry"],"_links":{"self":[{"href":"https:\/\/web.workseed.fi\/wp-json\/wp\/v2\/pages\/20233","targetHints":{"allow":["GET"]}}],"collection":[{"href":"https:\/\/web.workseed.fi\/wp-json\/wp\/v2\/pages"}],"about":[{"href":"https:\/\/web.workseed.fi\/wp-json\/wp\/v2\/types\/page"}],"author":[{"embeddable":true,"href":"https:\/\/web.workseed.fi\/wp-json\/wp\/v2\/users\/11"}],"replies":[{"embeddable":true,"href":"https:\/\/web.workseed.fi\/wp-json\/wp\/v2\/comments?post=20233"}],"version-history":[{"count":19,"href":"https:\/\/web.workseed.fi\/wp-json\/wp\/v2\/pages\/20233\/revisions"}],"predecessor-version":[{"id":20254,"href":"https:\/\/web.workseed.fi\/wp-json\/wp\/v2\/pages\/20233\/revisions\/20254"}],"wp:attachment":[{"href":"https:\/\/web.workseed.fi\/wp-json\/wp\/v2\/media?parent=20233"}],"curies":[{"name":"wp","href":"https:\/\/api.w.org\/{rel}","templated":true}]}}
