{"id":16287,"date":"2024-10-07T13:24:15","date_gmt":"2024-10-07T11:24:15","guid":{"rendered":"https:\/\/web.workseed.fi\/?page_id=16287"},"modified":"2026-04-28T09:48:34","modified_gmt":"2026-04-28T07:48:34","slug":"verkko-oppimisympariston-ostajan-opas-kirja","status":"publish","type":"page","link":"https:\/\/web.workseed.fi\/fi\/verkko-oppimisympariston-ostajan-opas-kirja\/","title":{"rendered":"Liidimagneetti &#8211; Ostajan opas"},"content":{"rendered":"\t\t<div data-elementor-type=\"wp-page\" data-elementor-id=\"16287\" class=\"elementor elementor-16287\" data-elementor-post-type=\"page\">\n\t\t\t\t<div data-particle_enable=\"false\" data-particle-mobile-disabled=\"false\" class=\"elementor-element elementor-element-d693106 e-flex e-con-boxed e-con e-parent\" data-id=\"d693106\" data-element_type=\"container\">\n\t\t\t\t\t<div class=\"e-con-inner\">\n\t\t\t\t<div class=\"elementor-element elementor-element-d4e192c elementor-widget elementor-widget-spacer\" data-id=\"d4e192c\" data-element_type=\"widget\" data-widget_type=\"spacer.default\">\n\t\t\t\t<div class=\"elementor-widget-container\">\n\t\t\t\t\t\t\t<div class=\"elementor-spacer\">\n\t\t\t<div class=\"elementor-spacer-inner\"><\/div>\n\t\t<\/div>\n\t\t\t\t\t\t<\/div>\n\t\t\t\t<\/div>\n\t\t\t\t\t<\/div>\n\t\t\t\t<\/div>\n\t\t<div data-particle_enable=\"false\" data-particle-mobile-disabled=\"false\" class=\"elementor-element elementor-element-92eca4a e-flex e-con-boxed e-con e-parent\" data-id=\"92eca4a\" data-element_type=\"container\">\n\t\t\t\t\t<div class=\"e-con-inner\">\n\t\t\t\t<div class=\"elementor-element elementor-element-b30a360 elementor-widget elementor-widget-image\" data-id=\"b30a360\" data-element_type=\"widget\" data-widget_type=\"image.default\">\n\t\t\t\t<div class=\"elementor-widget-container\">\n\t\t\t\t\t\t\t\t\t\t\t\t\t\t\t<img decoding=\"async\" src=\"https:\/\/web.workseed.fi\/wp-content\/uploads\/elementor\/thumbs\/luokkahuone-ja-ihmisia-qpay5aykkvuwq9dc132znbzn38nw5b6i0a2oqv10sw.jpg\" title=\"luokkahuone ja ihmisi\u00e4\" alt=\"luo oppimisen kulttuuri\" loading=\"lazy\" \/>\t\t\t\t\t\t\t\t\t\t\t\t\t\t\t<\/div>\n\t\t\t\t<\/div>\n\t\t\t\t<div class=\"elementor-element elementor-element-4590608 elementor-widget elementor-widget-spacer\" data-id=\"4590608\" data-element_type=\"widget\" data-widget_type=\"spacer.default\">\n\t\t\t\t<div class=\"elementor-widget-container\">\n\t\t\t\t\t\t\t<div class=\"elementor-spacer\">\n\t\t\t<div class=\"elementor-spacer-inner\"><\/div>\n\t\t<\/div>\n\t\t\t\t\t\t<\/div>\n\t\t\t\t<\/div>\n\t\t\t\t\t<\/div>\n\t\t\t\t<\/div>\n\t\t<div data-particle_enable=\"false\" data-particle-mobile-disabled=\"false\" class=\"elementor-element elementor-element-0bd2e31 e-flex e-con-boxed e-con e-parent\" data-id=\"0bd2e31\" data-element_type=\"container\">\n\t\t\t\t\t<div class=\"e-con-inner\">\n\t\t<div data-particle_enable=\"false\" data-particle-mobile-disabled=\"false\" class=\"elementor-element elementor-element-f0bc14c e-con-full e-flex e-con e-child\" data-id=\"f0bc14c\" data-element_type=\"container\">\n\t\t\t\t<div class=\"elementor-element elementor-element-10d9a7f elementor-widget elementor-widget-heading\" data-id=\"10d9a7f\" data-element_type=\"widget\" data-widget_type=\"heading.default\">\n\t\t\t\t<div class=\"elementor-widget-container\">\n\t\t\t\t\t<h1 class=\"elementor-heading-title elementor-size-default\">Lataa ilmainen verkko-oppimisymp\u00e4rist\u00f6n ostajan opas t\u00e4\u00e4lt\u00e4!<\/h1>\t\t\t\t<\/div>\n\t\t\t\t<\/div>\n\t\t\t\t<div class=\"elementor-element elementor-element-dc8c76e elementor-widget elementor-widget-text-editor\" data-id=\"dc8c76e\" data-element_type=\"widget\" data-widget_type=\"text-editor.default\">\n\t\t\t\t<div class=\"elementor-widget-container\">\n\t\t\t\t\t\t\t\t\t<p><span style=\"color: #000000;\">Ladattava oppaamme esittelee keskeiset osa-alueet, jotka on otettava huomioon valittaessa oppimisymp\u00e4rist\u00f6\u00e4 perustuen k\u00e4ytt\u00e4jien todellisiin tarpeisiin. Oppaassa k\u00e4sitell\u00e4\u00e4n muun muassa:<\/span><\/p><ul><li><span style=\"color: #000000;\">Kaupallinen vai avoin l\u00e4hdekoodi<\/span><\/li><li><span style=\"color: #000000;\">Rajapinnat ja j\u00e4rjestelm\u00e4integraatiot<\/span><\/li><li><span style=\"color: #000000;\">Oppimissis\u00e4lt\u00f6jen standardoinnit ja siirrett\u00e4vyys<\/span><\/li><li><span style=\"color: #000000;\">Mobiilik\u00e4ytett\u00e4vyys<\/span><\/li><li><span style=\"color: #000000;\">Monikielisyyden tuki<\/span><\/li><li><span style=\"color: #000000;\">Teko\u00e4ly oppimisymp\u00e4rist\u00f6ss\u00e4<\/span><\/li><\/ul>\t\t\t\t\t\t\t\t<\/div>\n\t\t\t\t<\/div>\n\t\t\t\t<\/div>\n\t\t<div data-particle_enable=\"false\" data-particle-mobile-disabled=\"false\" class=\"elementor-element elementor-element-4013d45 e-con-full e-flex e-con e-child\" data-id=\"4013d45\" data-element_type=\"container\">\n\t\t\t\t<div class=\"elementor-element elementor-element-5f08322 elementor-widget elementor-widget-hubspot-form\" data-id=\"5f08322\" data-element_type=\"widget\" data-widget_type=\"hubspot-form.default\">\n\t\t\t\t<div class=\"elementor-widget-container\">\n\t\t\t\t\t\n\t\t\t\t\t\t<script>\n\t\t\t\t\t\t\twindow.hsFormsOnReady = window.hsFormsOnReady || [];\n\t\t\t\t\t\t\twindow.hsFormsOnReady.push(()=>{\n\t\t\t\t\t\t\t\thbspt.forms.create({\n\t\t\t\t\t\t\t\t\tportalId: 143785096,\n\t\t\t\t\t\t\t\t\tformId: \"e14dcdaf-8f58-4e22-b33c-9c61d3d95739\",\n\t\t\t\t\t\t\t\t\ttarget: \"#hbspt-form-1778349673000-6470879736\",\n\t\t\t\t\t\t\t\t\tregion: \"eu1\",\n\t\t\t\t\t\t\t\t\t\n\t\t\t\t\t\t\t})});\n\t\t\t\t\t\t<\/script>\n\t\t\t\t\t\t<div class=\"hbspt-form\" id=\"hbspt-form-1778349673000-6470879736\"><\/div>\t\t\t\t<\/div>\n\t\t\t\t<\/div>\n\t\t\t\t<\/div>\n\t\t\t\t\t<\/div>\n\t\t\t\t<\/div>\n\t\t<div data-particle_enable=\"false\" data-particle-mobile-disabled=\"false\" class=\"elementor-element elementor-element-dd8ecd9 e-flex e-con-boxed e-con e-parent\" data-id=\"dd8ecd9\" data-element_type=\"container\">\n\t\t\t\t\t<div class=\"e-con-inner\">\n\t\t\t\t<div class=\"elementor-element elementor-element-a3bf64b elementor-widget elementor-widget-spacer\" data-id=\"a3bf64b\" data-element_type=\"widget\" data-widget_type=\"spacer.default\">\n\t\t\t\t<div class=\"elementor-widget-container\">\n\t\t\t\t\t\t\t<div class=\"elementor-spacer\">\n\t\t\t<div class=\"elementor-spacer-inner\"><\/div>\n\t\t<\/div>\n\t\t\t\t\t\t<\/div>\n\t\t\t\t<\/div>\n\t\t\t\t\t<\/div>\n\t\t\t\t<\/div>\n\t\t\t\t<\/div>\n\t\t","protected":false},"excerpt":{"rendered":"<p>Lataa ilmainen verkko-oppimisymp\u00e4rist\u00f6n ostajan opas t\u00e4\u00e4lt\u00e4! Ladattava oppaamme esittelee keskeiset osa-alueet, jotka on otettava huomioon valittaessa oppimisymp\u00e4rist\u00f6\u00e4 perustuen k\u00e4ytt\u00e4jien todellisiin tarpeisiin. Oppaassa k\u00e4sitell\u00e4\u00e4n muun muassa: Kaupallinen vai avoin l\u00e4hdekoodi Rajapinnat ja j\u00e4rjestelm\u00e4integraatiot Oppimissis\u00e4lt\u00f6jen standardoinnit ja siirrett\u00e4vyys Mobiilik\u00e4ytett\u00e4vyys Monikielisyyden tuki Teko\u00e4ly oppimisymp\u00e4rist\u00f6ss\u00e4<\/p>\n","protected":false},"author":11,"featured_media":0,"parent":0,"menu_order":0,"comment_status":"closed","ping_status":"closed","template":"","meta":{"content-type":"","site-sidebar-layout":"no-sidebar","site-content-layout":"page-builder","ast-site-content-layout":"full-width-container","site-content-style":"default","site-sidebar-style":"default","ast-global-header-display":"","ast-banner-title-visibility":"","ast-main-header-display":"","ast-hfb-above-header-display":"","ast-hfb-below-header-display":"","ast-hfb-mobile-header-display":"","site-post-title":"disabled","ast-breadcrumbs-content":"","ast-featured-img":"disabled","footer-sml-layout":"","theme-transparent-header-meta":"","adv-header-id-meta":"","stick-header-meta":"","header-above-stick-meta":"","header-main-stick-meta":"","header-below-stick-meta":"","astra-migrate-meta-layouts":"set","ast-page-background-enabled":"default","ast-page-background-meta":{"desktop":{"background-color":"","background-image":"","background-repeat":"repeat","background-position":"center center","background-size":"auto","background-attachment":"scroll","background-type":"","background-media":"","overlay-type":"","overlay-color":"","overlay-opacity":"","overlay-gradient":""},"tablet":{"background-color":"","background-image":"","background-repeat":"repeat","background-position":"center center","background-size":"auto","background-attachment":"scroll","background-type":"","background-media":"","overlay-type":"","overlay-color":"","overlay-opacity":"","overlay-gradient":""},"mobile":{"background-color":"","background-image":"","background-repeat":"repeat","background-position":"center center","background-size":"auto","background-attachment":"scroll","background-type":"","background-media":"","overlay-type":"","overlay-color":"","overlay-opacity":"","overlay-gradient":""}},"ast-content-background-meta":{"desktop":{"background-color":"var(--ast-global-color-5)","background-image":"","background-repeat":"repeat","background-position":"center center","background-size":"auto","background-attachment":"scroll","background-type":"","background-media":"","overlay-type":"","overlay-color":"","overlay-opacity":"","overlay-gradient":""},"tablet":{"background-color":"var(--ast-global-color-5)","background-image":"","background-repeat":"repeat","background-position":"center center","background-size":"auto","background-attachment":"scroll","background-type":"","background-media":"","overlay-type":"","overlay-color":"","overlay-opacity":"","overlay-gradient":""},"mobile":{"background-color":"var(--ast-global-color-5)","background-image":"","background-repeat":"repeat","background-position":"center center","background-size":"auto","background-attachment":"scroll","background-type":"","background-media":"","overlay-type":"","overlay-color":"","overlay-opacity":"","overlay-gradient":""}},"footnotes":""},"class_list":["post-16287","page","type-page","status-publish","hentry"],"_links":{"self":[{"href":"https:\/\/web.workseed.fi\/wp-json\/wp\/v2\/pages\/16287","targetHints":{"allow":["GET"]}}],"collection":[{"href":"https:\/\/web.workseed.fi\/wp-json\/wp\/v2\/pages"}],"about":[{"href":"https:\/\/web.workseed.fi\/wp-json\/wp\/v2\/types\/page"}],"author":[{"embeddable":true,"href":"https:\/\/web.workseed.fi\/wp-json\/wp\/v2\/users\/11"}],"replies":[{"embeddable":true,"href":"https:\/\/web.workseed.fi\/wp-json\/wp\/v2\/comments?post=16287"}],"version-history":[{"count":40,"href":"https:\/\/web.workseed.fi\/wp-json\/wp\/v2\/pages\/16287\/revisions"}],"predecessor-version":[{"id":16699,"href":"https:\/\/web.workseed.fi\/wp-json\/wp\/v2\/pages\/16287\/revisions\/16699"}],"wp:attachment":[{"href":"https:\/\/web.workseed.fi\/wp-json\/wp\/v2\/media?parent=16287"}],"curies":[{"name":"wp","href":"https:\/\/api.w.org\/{rel}","templated":true}]}}
