{"id":13772,"date":"2024-04-25T15:05:23","date_gmt":"2024-04-25T13:05:23","guid":{"rendered":"https:\/\/web.workseed.fi\/?page_id=13772"},"modified":"2026-03-31T11:12:45","modified_gmt":"2026-03-31T09:12:45","slug":"tutustu","status":"publish","type":"page","link":"https:\/\/web.workseed.fi\/fi\/tutustu\/","title":{"rendered":"Demokurssit &#8211; FI"},"content":{"rendered":"\t\t<div data-elementor-type=\"wp-page\" data-elementor-id=\"13772\" class=\"elementor elementor-13772\" data-elementor-post-type=\"page\">\n\t\t\t\t<div data-particle_enable=\"false\" data-particle-mobile-disabled=\"false\" class=\"elementor-element elementor-element-6b02018 e-flex e-con-boxed e-con e-parent\" data-id=\"6b02018\" data-element_type=\"container\">\n\t\t\t\t\t<div class=\"e-con-inner\">\n\t\t\t\t<div class=\"elementor-element elementor-element-979f41e elementor-widget elementor-widget-spacer\" data-id=\"979f41e\" data-element_type=\"widget\" data-widget_type=\"spacer.default\">\n\t\t\t\t<div class=\"elementor-widget-container\">\n\t\t\t\t\t\t\t<div class=\"elementor-spacer\">\n\t\t\t<div class=\"elementor-spacer-inner\"><\/div>\n\t\t<\/div>\n\t\t\t\t\t\t<\/div>\n\t\t\t\t<\/div>\n\t\t\t\t\t<\/div>\n\t\t\t\t<\/div>\n\t\t<div data-particle_enable=\"false\" data-particle-mobile-disabled=\"false\" class=\"elementor-element elementor-element-397cd6d e-flex e-con-boxed e-con e-parent\" data-id=\"397cd6d\" data-element_type=\"container\">\n\t\t\t\t\t<div class=\"e-con-inner\">\n\t\t\t\t<div class=\"elementor-element elementor-element-01d04e4 elementor-hidden-desktop elementor-hidden-tablet elementor-hidden-mobile content-align-cta-default eael-cta-overlay-yes elementor-widget elementor-widget-eael-cta-box\" data-id=\"01d04e4\" data-element_type=\"widget\" data-widget_type=\"eael-cta-box.default\">\n\t\t\t\t<div class=\"elementor-widget-container\">\n\t\t\t\t\t\t\t<div class=\"eael-call-to-action cta-basic bg-img cta-preset-1\">\n        <h2 class=\"title eael-cta-heading\"><br><br> ITK Messusis\u00e4lt\u00f6<\/h2><p>\u00a0<\/p><p>\u00a0<\/p><p><strong>T\u00e4h\u00e4n kuvaus ITK-messuihin liittyvist\u00e4 jutuista<\/strong><\/p><p>\u00a0<\/p><p>\u00a0<\/p><a href=\"#\" class=\"cta-button cta-preset-1  \">Lue lis\u00e4\u00e4<\/a>\t<\/div>\n\t\t\t\t\t\t\t\t<\/div>\n\t\t\t\t<\/div>\n\t\t\t\t<div class=\"elementor-element elementor-element-2298d78 elementor-widget elementor-widget-heading\" data-id=\"2298d78\" data-element_type=\"widget\" data-widget_type=\"heading.default\">\n\t\t\t\t<div class=\"elementor-widget-container\">\n\t\t\t\t\t<h1 class=\"elementor-heading-title elementor-size-default\">Tutustu avoimiin verkkokursseihin! <\/h1>\t\t\t\t<\/div>\n\t\t\t\t<\/div>\n\t\t\t\t<div class=\"elementor-element elementor-element-1b5716b3 elementor-widget elementor-widget-text-editor\" data-id=\"1b5716b3\" data-element_type=\"widget\" data-widget_type=\"text-editor.default\">\n\t\t\t\t<div class=\"elementor-widget-container\">\n\t\t\t\t\t\t\t\t\t<p style=\"text-align: left;\"><strong><span style=\"color: #000000;\">Voit tutustua alustaan avoimilla verkkokursseilla. Voit tutustua kursseihin <span style=\"color: #73ae3f;\">kirjautumatta<\/span> k\u00e4ytt\u00e4m\u00e4ll\u00e4 vierastili\u00e4. <\/span><\/strong><\/p><p style=\"text-align: left;\"><span style=\"color: #000000;\"><strong>Joillekin kursseille voit my\u00f6s <span style=\"color: #73ae3f;\">luoda tilin<\/span>. V\u00e4liaikainen tili<\/strong><\/span><strong style=\"color: #000000; font-size: 16.5px; font-family: var( --e-global-typography-text-font-family ), Sans-serif; text-align: var(--text-align);\">\u00a0on voimassa 3kk rekister\u00f6itymisest\u00e4. Rekister\u00f6itynyt k\u00e4ytt\u00e4j\u00e4 saa hyv\u00e4ksytyst\u00e4 suorituksesta todistuksen omalla nimell\u00e4\u00e4n.<\/strong><\/p>\t\t\t\t\t\t\t\t<\/div>\n\t\t\t\t<\/div>\n\t\t\t\t<div class=\"elementor-element elementor-element-3aeb8d29 content-align-cta-default eael-cta-overlay-yes elementor-widget elementor-widget-eael-cta-box\" data-id=\"3aeb8d29\" data-element_type=\"widget\" data-widget_type=\"eael-cta-box.default\">\n\t\t\t\t<div class=\"elementor-widget-container\">\n\t\t\t\t\t\t\t<div class=\"eael-call-to-action cta-basic bg-img cta-preset-1\">\n        <h2 class=\"title eael-cta-heading\">Luo saavutettava verkkokurssi<\/h2><p><strong>Tutustu verkkokurssin saavutettavuuden perusperiaatteisiin sis\u00e4ll\u00f6ntuotannon n\u00e4k\u00f6kulmasta.<\/strong><\/p><a href=\"https:\/\/web.workseed.fi\/fi\/saavutettava-verkkokurssi\/\" class=\"cta-button cta-preset-1  \">Rekister\u00f6idy<\/a>\t<\/div>\n\t\t\t\t\t\t\t\t<\/div>\n\t\t\t\t<\/div>\n\t\t\t\t<div class=\"elementor-element elementor-element-c525557 content-align-cta-default eael-cta-overlay-yes elementor-widget elementor-widget-eael-cta-box\" data-id=\"c525557\" data-element_type=\"widget\" data-widget_type=\"eael-cta-box.default\">\n\t\t\t\t<div class=\"elementor-widget-container\">\n\t\t\t\t\t\t\t<div class=\"eael-call-to-action cta-basic bg-img cta-preset-1\">\n        <h2 class=\"title eael-cta-heading\">Teko\u00e4ly sis\u00e4ll\u00f6ntuotannossa<\/h2><p><strong>Tutustu Workseedin teko\u00e4lyty\u00f6kaluihin, jotka nopeuttavat uusien oppimateriaalien laatimista.<\/strong><\/p><a href=\"https:\/\/www.workseed.fi\/edu\/accounts\/signup_group\/NFVOqrYqbGkeUg3oWgOhkMAsscI4cUwMC3mFNnBJ90UobBRHdELr38BVJkbbKOeYU5MWPmWbqrnkIHrs\/\" class=\"cta-button cta-preset-1  \" target=\"_blank\" rel=\"noopener\">Rekister\u00f6idy<\/a>\t<\/div>\n\t\t\t\t\t\t\t\t<\/div>\n\t\t\t\t<\/div>\n\t\t\t\t<div class=\"elementor-element elementor-element-73fc369 content-align-cta-default eael-cta-overlay-yes elementor-widget elementor-widget-eael-cta-box\" data-id=\"73fc369\" data-element_type=\"widget\" data-widget_type=\"eael-cta-box.default\">\n\t\t\t\t<div class=\"elementor-widget-container\">\n\t\t\t\t\t\t\t<div class=\"eael-call-to-action cta-basic bg-img cta-preset-1\">\n        <h2 class=\"title eael-cta-heading\">S\u00e4hk\u00f6autoilun peruskurssi<\/h2><p><strong>S\u00e4hk\u00f6autoiluun sis\u00e4ltyy paljon uutta tietoa ja monta uutta taitoa. S\u00e4hk\u00f6autoilun peruskurssilla perehdyt\u00e4\u00e4n arkiautoiluun, pidempienkin matkojen taittamiseen s\u00e4hk\u00f6autolla ja s\u00e4hk\u00f6auton omistamisen erityispiirteisiin.<\/strong><\/p><p><strong>T\u00e4ll\u00e4 kurssilla voit luoda v\u00e4liaikaisen tilin, jolloin voit saada todistuksen k\u00e4ydyst\u00e4 kurssista.<\/strong><\/p><a href=\"https:\/\/www.workseed.fi\/edu\/accounts\/signup_group\/0w8fZvIosiYqTGdpGWOkdSbC8YbaFn5tJKkTNzUe6E074my7Bhy690sOJG6OWeOCCYGqq4LfoJKQfdPe\/\" class=\"cta-button cta-preset-1  \" target=\"_blank\" rel=\"noopener\">Tutustu kirjautumatta<\/a><a href=\"https:\/\/www.workseed.fi\/edu\/accounts\/signup_group\/NjG18N6MxcyaVQMFl839YrlteCpMol1yFjZz5S6xEQEewRsDWIrCgmn5mJ5UASCQ5iMKv2fIBn3hgX5u\/\" class=\"cta-button cta-secondary-button \" target=\"_blank\" rel=\"noopener\">Luo tili todistusta varten<\/a>\t<\/div>\n\t\t\t\t\t\t\t\t<\/div>\n\t\t\t\t<\/div>\n\t\t\t\t<div class=\"elementor-element elementor-element-61fd0277 content-align-cta-default eael-cta-overlay-yes elementor-widget elementor-widget-eael-cta-box\" data-id=\"61fd0277\" data-element_type=\"widget\" data-widget_type=\"eael-cta-box.default\">\n\t\t\t\t<div class=\"elementor-widget-container\">\n\t\t\t\t\t\t\t<div class=\"eael-call-to-action cta-basic bg-img cta-preset-1\">\n        <h2 class=\"title eael-cta-heading\">Yrityksen tietoturva<\/h2><p><strong>T\u00e4ll\u00e4 kurssilla voit tutustua yrityksen tietoturvan perusteisiin ty\u00f6ntekij\u00e4n n\u00e4k\u00f6kulmasta.<\/strong><\/p><a href=\"https:\/\/www.workseed.fi\/edu\/accounts\/signup_group\/5pYCDgXj7KznuHK8hr1w8NI2XqHBu8FYvtBmXPOQdyfUHwC2glQnaShYMYBu4RNlqcoLBAGpC3fxjJaR\/\" class=\"cta-button cta-preset-1  \" target=\"_blank\" rel=\"noopener\">Tutustu kirjautumatta<\/a>\t<\/div>\n\t\t\t\t\t\t\t\t<\/div>\n\t\t\t\t<\/div>\n\t\t\t\t<div class=\"elementor-element elementor-element-275c5bfd content-align-cta-default eael-cta-overlay-yes elementor-widget elementor-widget-eael-cta-box\" data-id=\"275c5bfd\" data-element_type=\"widget\" data-widget_type=\"eael-cta-box.default\">\n\t\t\t\t<div class=\"elementor-widget-container\">\n\t\t\t\t\t\t\t<div class=\"eael-call-to-action cta-basic bg-img cta-preset-1\">\n        <h2 class=\"title eael-cta-heading\">Osaamiskartoitus<\/h2><p><strong>Kartoita ja sanoita osaamistasi. Pohdi kokemustasi eri osa-alueilla ja opi tekem\u00e4\u00e4n kokemustasi n\u00e4kyv\u00e4ksi ty\u00f6nhakuun tai urasuunnitteluun.<\/strong><\/p><a href=\"https:\/\/www.workseed.fi\/edu\/accounts\/signup_group\/M9xdW89fDdKxlsIVxWOiJdcIeBXnnDd3qJJYzYQeyAiPQACahLmI5Yszim0xWVaadBO7dMGo31BQff7q\/\" class=\"cta-button cta-preset-1  \" target=\"_blank\" rel=\"noopener\">Tutustu kirjautumatta<\/a>\t<\/div>\n\t\t\t\t\t\t\t\t<\/div>\n\t\t\t\t<\/div>\n\t\t\t\t<div class=\"elementor-element elementor-element-fe267a4 elementor-widget elementor-widget-spacer\" data-id=\"fe267a4\" data-element_type=\"widget\" data-widget_type=\"spacer.default\">\n\t\t\t\t<div class=\"elementor-widget-container\">\n\t\t\t\t\t\t\t<div class=\"elementor-spacer\">\n\t\t\t<div class=\"elementor-spacer-inner\"><\/div>\n\t\t<\/div>\n\t\t\t\t\t\t<\/div>\n\t\t\t\t<\/div>\n\t\t\t\t\t<\/div>\n\t\t\t\t<\/div>\n\t\t<div data-particle_enable=\"false\" data-particle-mobile-disabled=\"false\" class=\"elementor-element elementor-element-480748d e-flex e-con-boxed e-con e-parent\" data-id=\"480748d\" data-element_type=\"container\">\n\t\t\t\t\t<div class=\"e-con-inner\">\n\t\t\t\t<div class=\"elementor-element elementor-element-d825e74 elementor-widget elementor-widget-heading\" data-id=\"d825e74\" data-element_type=\"widget\" data-widget_type=\"heading.default\">\n\t\t\t\t<div class=\"elementor-widget-container\">\n\t\t\t\t\t<h2 class=\"elementor-heading-title elementor-size-default\">Varaa tuote-esittely <\/h2>\t\t\t\t<\/div>\n\t\t\t\t<\/div>\n\t\t\t\t<div class=\"elementor-element elementor-element-f6b7753 elementor-widget elementor-widget-text-editor\" data-id=\"f6b7753\" data-element_type=\"widget\" data-widget_type=\"text-editor.default\">\n\t\t\t\t<div class=\"elementor-widget-container\">\n\t\t\t\t\t\t\t\t\t<p><span style=\"color: #000000;\">Voit my\u00f6s varata tuote-esittelyn asiantuntijoidemme kanssa t\u00e4\u00e4ll\u00e4. Mik\u00e4li kalenteri ei aukea oikein, voit avata sen <a href=\"https:\/\/zcal.co\/workseed\/varaademo\" target=\"_blank\" rel=\"noopener\">uudessa ikkunassa t\u00e4\u00e4ll\u00e4<\/a>.\u00a0<\/span><\/p>\t\t\t\t\t\t\t\t<\/div>\n\t\t\t\t<\/div>\n\t\t\t\t<div class=\"elementor-element elementor-element-414a85a elementor-widget elementor-widget-html\" data-id=\"414a85a\" data-element_type=\"widget\" data-widget_type=\"html.default\">\n\t\t\t\t<div class=\"elementor-widget-container\">\n\t\t\t\t\t<script type=\"text\/javascript\" async src=\"https:\/\/static.zcal.co\/embed\/v1\/embed.js\"><\/script>\n<div class=\"zcal-inline-widget\"><a href=\"https:\/\/zcal.co\/i\/pMj2GYqE\" target=\"_blank\" rel=\"noopener\">Tuote-esittely - Schedule a meeting<\/a><\/div>\t\t\t\t<\/div>\n\t\t\t\t<\/div>\n\t\t\t\t<div class=\"elementor-element elementor-element-6bdde2a elementor-widget elementor-widget-spacer\" data-id=\"6bdde2a\" data-element_type=\"widget\" data-widget_type=\"spacer.default\">\n\t\t\t\t<div class=\"elementor-widget-container\">\n\t\t\t\t\t\t\t<div class=\"elementor-spacer\">\n\t\t\t<div class=\"elementor-spacer-inner\"><\/div>\n\t\t<\/div>\n\t\t\t\t\t\t<\/div>\n\t\t\t\t<\/div>\n\t\t\t\t\t<\/div>\n\t\t\t\t<\/div>\n\t\t\t\t<\/div>\n\t\t","protected":false},"excerpt":{"rendered":"<p>ITK Messusis\u00e4lt\u00f6 \u00a0 \u00a0 T\u00e4h\u00e4n kuvaus ITK-messuihin liittyvist\u00e4 jutuista \u00a0 \u00a0 Lue lis\u00e4\u00e4 Tutustu avoimiin verkkokursseihin! Voit tutustua alustaan avoimilla verkkokursseilla. Voit tutustua kursseihin kirjautumatta k\u00e4ytt\u00e4m\u00e4ll\u00e4 vierastili\u00e4. Joillekin kursseille voit my\u00f6s luoda tilin. V\u00e4liaikainen tili\u00a0on voimassa 3kk rekister\u00f6itymisest\u00e4. Rekister\u00f6itynyt k\u00e4ytt\u00e4j\u00e4 saa hyv\u00e4ksytyst\u00e4 suorituksesta todistuksen omalla nimell\u00e4\u00e4n. Luo saavutettava verkkokurssi Tutustu verkkokurssin saavutettavuuden perusperiaatteisiin sis\u00e4ll\u00f6ntuotannon n\u00e4k\u00f6kulmasta. [&hellip;]<\/p>\n","protected":false},"author":11,"featured_media":0,"parent":0,"menu_order":0,"comment_status":"closed","ping_status":"closed","template":"","meta":{"content-type":"","site-sidebar-layout":"no-sidebar","site-content-layout":"page-builder","ast-site-content-layout":"default","site-content-style":"default","site-sidebar-style":"default","ast-global-header-display":"","ast-banner-title-visibility":"","ast-main-header-display":"","ast-hfb-above-header-display":"","ast-hfb-below-header-display":"","ast-hfb-mobile-header-display":"","site-post-title":"disabled","ast-breadcrumbs-content":"","ast-featured-img":"disabled","footer-sml-layout":"","theme-transparent-header-meta":"","adv-header-id-meta":"","stick-header-meta":"","header-above-stick-meta":"","header-main-stick-meta":"","header-below-stick-meta":"","astra-migrate-meta-layouts":"set","ast-page-background-enabled":"default","ast-page-background-meta":{"desktop":{"background-color":"","background-image":"","background-repeat":"repeat","background-position":"center center","background-size":"auto","background-attachment":"scroll","background-type":"","background-media":"","overlay-type":"","overlay-color":"","overlay-opacity":"","overlay-gradient":""},"tablet":{"background-color":"","background-image":"","background-repeat":"repeat","background-position":"center center","background-size":"auto","background-attachment":"scroll","background-type":"","background-media":"","overlay-type":"","overlay-color":"","overlay-opacity":"","overlay-gradient":""},"mobile":{"background-color":"","background-image":"","background-repeat":"repeat","background-position":"center center","background-size":"auto","background-attachment":"scroll","background-type":"","background-media":"","overlay-type":"","overlay-color":"","overlay-opacity":"","overlay-gradient":""}},"ast-content-background-meta":{"desktop":{"background-color":"var(--ast-global-color-5)","background-image":"","background-repeat":"repeat","background-position":"center center","background-size":"auto","background-attachment":"scroll","background-type":"","background-media":"","overlay-type":"","overlay-color":"","overlay-opacity":"","overlay-gradient":""},"tablet":{"background-color":"var(--ast-global-color-5)","background-image":"","background-repeat":"repeat","background-position":"center center","background-size":"auto","background-attachment":"scroll","background-type":"","background-media":"","overlay-type":"","overlay-color":"","overlay-opacity":"","overlay-gradient":""},"mobile":{"background-color":"var(--ast-global-color-5)","background-image":"","background-repeat":"repeat","background-position":"center center","background-size":"auto","background-attachment":"scroll","background-type":"","background-media":"","overlay-type":"","overlay-color":"","overlay-opacity":"","overlay-gradient":""}},"footnotes":""},"class_list":["post-13772","page","type-page","status-publish","hentry"],"_links":{"self":[{"href":"https:\/\/web.workseed.fi\/wp-json\/wp\/v2\/pages\/13772","targetHints":{"allow":["GET"]}}],"collection":[{"href":"https:\/\/web.workseed.fi\/wp-json\/wp\/v2\/pages"}],"about":[{"href":"https:\/\/web.workseed.fi\/wp-json\/wp\/v2\/types\/page"}],"author":[{"embeddable":true,"href":"https:\/\/web.workseed.fi\/wp-json\/wp\/v2\/users\/11"}],"replies":[{"embeddable":true,"href":"https:\/\/web.workseed.fi\/wp-json\/wp\/v2\/comments?post=13772"}],"version-history":[{"count":118,"href":"https:\/\/web.workseed.fi\/wp-json\/wp\/v2\/pages\/13772\/revisions"}],"predecessor-version":[{"id":22733,"href":"https:\/\/web.workseed.fi\/wp-json\/wp\/v2\/pages\/13772\/revisions\/22733"}],"wp:attachment":[{"href":"https:\/\/web.workseed.fi\/wp-json\/wp\/v2\/media?parent=13772"}],"curies":[{"name":"wp","href":"https:\/\/api.w.org\/{rel}","templated":true}]}}
